{"id":308,"date":"2020-01-13T11:17:52","date_gmt":"2020-01-13T11:17:52","guid":{"rendered":"https:\/\/demosites.io\/web-agency-gb\/?page_id=5"},"modified":"2023-06-15T10:17:20","modified_gmt":"2023-06-15T08:17:20","slug":"15c42-web-agency-gb-home","status":"publish","type":"page","link":"https:\/\/izisew.com\/","title":{"rendered":"Home"},"content":{"rendered":"\n<div class=\"wp-block-cover alignfull is-light\" style=\"min-height:700px;aspect-ratio:unset;\"><span aria-hidden=\"true\" class=\"wp-block-cover__background has-background-dim-20 has-background-dim\"><\/span><img loading=\"lazy\" decoding=\"async\" width=\"1500\" height=\"1000\" class=\"wp-block-cover__image-background wp-image-376\" alt=\"\" src=\"https:\/\/izisew.com\/wp-content\/uploads\/2023\/01\/formations-couture-en-ligne-1.jpg\" style=\"object-position:49% 71%\" data-object-fit=\"cover\" data-object-position=\"49% 71%\" srcset=\"https:\/\/izisew.com\/wp-content\/uploads\/2023\/01\/formations-couture-en-ligne-1.jpg 1500w, https:\/\/izisew.com\/wp-content\/uploads\/2023\/01\/formations-couture-en-ligne-1-300x200.jpg 300w, https:\/\/izisew.com\/wp-content\/uploads\/2023\/01\/formations-couture-en-ligne-1-1024x683.jpg 1024w, https:\/\/izisew.com\/wp-content\/uploads\/2023\/01\/formations-couture-en-ligne-1-768x512.jpg 768w, https:\/\/izisew.com\/wp-content\/uploads\/2023\/01\/formations-couture-en-ligne-1-930x620.jpg 930w\" sizes=\"auto, (max-width: 1500px) 100vw, 1500px\" \/><div class=\"wp-block-cover__inner-container is-layout-flow wp-block-cover-is-layout-flow\">\n<div style=\"height:80px\" aria-hidden=\"true\" class=\"wp-block-spacer\"><\/div>\n\n\n\n<h1 class=\"wp-block-heading has-text-align-center has-nv-light-bg-color has-text-color\">Apprendre \u00e0 coudre, \u00e0 votre rythme<\/h1>\n\n\n\n<p class=\"has-text-align-center has-text-color\" style=\"color:#121212;font-size:17px\">L&#8217;apprentissage de la couture n&#8217;a jamais \u00e9t\u00e9 aussi facile ! Gr\u00e2ce aux cours en ligne que je propose, vous d\u00e9couvrez les techniques et les secrets de la couture \u00e0 la machine.<\/p>\n\n\n\n<div class=\"wp-block-buttons is-horizontal is-content-justification-center is-layout-flex wp-container-core-buttons-is-layout-499968f5 wp-block-buttons-is-layout-flex\">\n<div class=\"wp-block-button is-style-primary\"><a class=\"wp-block-button__link has-nv-site-bg-color has-text-color wp-element-button\" href=\"https:\/\/formation.izisew.com\/\">Les Formations<\/a><\/div>\n\n\n\n<div class=\"wp-block-button is-style-secondary\"><a class=\"wp-block-button__link wp-element-button\" href=\"https:\/\/www.coutureenfant.fr\/qui-suis-je\/\" target=\"_blank\" rel=\"noreferrer noopener\">Qui suis-je ?<\/a><\/div>\n<\/div>\n\n\n\n<div style=\"height:80px\" aria-hidden=\"true\" class=\"wp-block-spacer\"><\/div>\n<\/div><\/div>\n\n\n\n<div style=\"height:80px\" aria-hidden=\"true\" class=\"wp-block-spacer\"><\/div>\n\n\n\n<div class=\"wp-block-columns is-layout-flex wp-container-core-columns-is-layout-9d6595d7 wp-block-columns-is-layout-flex\">\n<div class=\"wp-block-column is-layout-flow wp-block-column-is-layout-flow\"><div class=\"wp-block-image icon-style is-style-rounded\">\n<figure class=\"aligncenter size-full\"><img loading=\"lazy\" decoding=\"async\" width=\"80\" height=\"80\" src=\"https:\/\/izisew.com\/wp-content\/uploads\/2023\/04\/picto-bobine-aiguille.png\" alt=\"\" class=\"wp-image-428\" title=\"\"\/><\/figure>\n<\/div>\n\n\n<h3 class=\"wp-block-heading has-text-align-center has-neve-text-color-color has-text-color\">Formation <\/h3>\n\n\n\n<p class=\"has-text-align-center\">Apprendre \u00e0 coudre en ligne, \u00e0 son rythme, et sans stress, mais avec pr\u00e9cision et sans compromis.<\/p>\n\n\n\n<div style=\"height:20px\" aria-hidden=\"true\" class=\"wp-block-spacer\"><\/div>\n<\/div>\n\n\n\n<div class=\"wp-block-column is-layout-flow wp-block-column-is-layout-flow\"><div class=\"wp-block-image icon-style is-style-rounded\">\n<figure class=\"aligncenter size-full\"><img loading=\"lazy\" decoding=\"async\" width=\"80\" height=\"80\" src=\"https:\/\/izisew.com\/wp-content\/uploads\/2023\/04\/picto-machine-a-coudre.png\" alt=\"\" class=\"wp-image-430\"\/><\/figure>\n<\/div>\n\n\n<h3 class=\"wp-block-heading has-text-align-center has-neve-text-color-color has-text-color\">Disponible 24\/7<\/h3>\n\n\n\n<p class=\"has-text-align-center\">Lorsque vous achetez une formation, celle-ci est disponible imm\u00e9diatement, et pour toute la vie.<\/p>\n\n\n\n<div style=\"height:20px\" aria-hidden=\"true\" class=\"wp-block-spacer\"><\/div>\n<\/div>\n\n\n\n<div class=\"wp-block-column is-layout-flow wp-block-column-is-layout-flow\"><div class=\"wp-block-image icon-style is-style-rounded\">\n<figure class=\"aligncenter size-full\"><img loading=\"lazy\" decoding=\"async\" width=\"80\" height=\"80\" src=\"https:\/\/izisew.com\/wp-content\/uploads\/2023\/04\/picto-piece-patron.png\" alt=\"\" class=\"wp-image-427\"\/><\/figure>\n<\/div>\n\n\n<h3 class=\"wp-block-heading has-text-align-center has-neve-text-color-color has-text-color\">Droit au but<\/h3>\n\n\n\n<p class=\"has-text-align-center\">Dans les formations que je propose, on ne tergiverse pas. On va directement \u00e0 l&#8217;essentiel sans tourner autour du pot !<\/p>\n\n\n\n<div style=\"height:20px\" aria-hidden=\"true\" class=\"wp-block-spacer\"><\/div>\n<\/div>\n<\/div>\n\n\n\n<div style=\"height:80px\" aria-hidden=\"true\" class=\"wp-block-spacer\"><\/div>\n\n\n\n<div class=\"wp-block-cover alignfull\" style=\"min-height:600px;aspect-ratio:unset;\"><span aria-hidden=\"true\" class=\"wp-block-cover__background has-nv-light-bg-background-color has-background-dim-100 has-background-dim\"><\/span><div class=\"wp-block-cover__inner-container is-layout-flow wp-block-cover-is-layout-flow\">\n<div class=\"wp-block-group\"><div class=\"wp-block-group__inner-container is-layout-flow wp-block-group-is-layout-flow\">\n<div style=\"height:80px\" aria-hidden=\"true\" class=\"wp-block-spacer\"><\/div>\n\n\n\n<div class=\"wp-block-columns are-vertically-aligned-center is-layout-flex wp-container-core-columns-is-layout-9d6595d7 wp-block-columns-is-layout-flex\">\n<div class=\"wp-block-column is-vertically-aligned-center is-layout-flow wp-block-column-is-layout-flow\" style=\"flex-basis:50%\">\n<figure class=\"wp-block-image size-large\"><img loading=\"lazy\" decoding=\"async\" width=\"1024\" height=\"1024\" src=\"https:\/\/izisew.com\/wp-content\/uploads\/2023\/02\/Sans-titre-1-1024x1024.jpg\" alt=\"\" class=\"wp-image-389\" srcset=\"https:\/\/izisew.com\/wp-content\/uploads\/2023\/02\/Sans-titre-1-1024x1024.jpg 1024w, https:\/\/izisew.com\/wp-content\/uploads\/2023\/02\/Sans-titre-1-300x300.jpg 300w, https:\/\/izisew.com\/wp-content\/uploads\/2023\/02\/Sans-titre-1-150x150.jpg 150w, https:\/\/izisew.com\/wp-content\/uploads\/2023\/02\/Sans-titre-1-768x768.jpg 768w, https:\/\/izisew.com\/wp-content\/uploads\/2023\/02\/Sans-titre-1-1536x1536.jpg 1536w, https:\/\/izisew.com\/wp-content\/uploads\/2023\/02\/Sans-titre-1.jpg 2048w\" sizes=\"auto, (max-width: 1024px) 100vw, 1024px\" \/><\/figure>\n<\/div>\n\n\n\n<div class=\"wp-block-column is-vertically-aligned-center is-layout-flow wp-block-column-is-layout-flow\" style=\"flex-basis:50%\">\n<div style=\"height:20px\" aria-hidden=\"true\" class=\"wp-block-spacer\"><\/div>\n\n\n\n<h2 class=\"wp-block-heading has-text-align-left has-neve-text-color-color has-text-color\">Le Papa de Jojo<\/h2>\n\n\n\n<p class=\"has-text-align-left has-neve-text-color-color has-text-color\" style=\"font-size:17px\">Apr\u00e8s 15 ans pass\u00e9s derri\u00e8re la cam\u00e9ra, j&#8217;ai d\u00e9couvert la couture, et j&#8217;en ai fait mon nouveau m\u00e9tier.<\/p>\n\n\n\n<div class=\"wp-block-buttons is-horizontal is-content-justification-left is-layout-flex wp-container-core-buttons-is-layout-7e5fce0a wp-block-buttons-is-layout-flex\">\n<div class=\"wp-block-button is-style-primary\"><a class=\"wp-block-button__link has-nv-site-bg-color has-neve-link-color-background-color has-text-color has-background wp-element-button\" href=\"https:\/\/www.coutureenfant.fr\/qui-suis-je\/\" target=\"_blank\" rel=\"noreferrer noopener\">QUI SUIS-JE ?<\/a><\/div>\n<\/div>\n<\/div>\n<\/div>\n\n\n\n<div style=\"height:40px\" aria-hidden=\"true\" class=\"wp-block-spacer\"><\/div>\n<\/div><\/div>\n<\/div><\/div>\n\n\n\n<div class=\"wp-block-cover alignfull\" style=\"min-height:600px;aspect-ratio:unset;\"><span aria-hidden=\"true\" class=\"wp-block-cover__background has-nv-site-bg-background-color has-background-dim-100 has-background-dim\"><\/span><div class=\"wp-block-cover__inner-container is-layout-flow wp-block-cover-is-layout-flow\">\n<div class=\"wp-block-group\"><div class=\"wp-block-group__inner-container is-layout-flow wp-block-group-is-layout-flow\">\n<div style=\"height:80px\" aria-hidden=\"true\" class=\"wp-block-spacer\"><\/div>\n\n\n\n<div class=\"wp-block-columns are-vertically-aligned-center is-layout-flex wp-container-core-columns-is-layout-9d6595d7 wp-block-columns-is-layout-flex\">\n<div class=\"wp-block-column is-vertically-aligned-center is-layout-flow wp-block-column-is-layout-flow\" style=\"flex-basis:50%\">\n<h2 class=\"wp-block-heading has-text-align-left has-neve-text-color-color has-text-color\">Coaching<\/h2>\n\n\n\n<p class=\"has-text-align-left has-neve-text-color-color has-text-color\" style=\"font-size:17px\">Je vous propose de vous accompagner dans la cr\u00e9ation de votre business dans le DIY.<\/p>\n\n\n\n<p class=\"has-text-align-left has-neve-text-color-color has-text-color\" style=\"font-size:17px\">Mettez toutes les chances de votre c\u00f4t\u00e9 en vous faisant conseiller par quelqu&#8217;un ayant d\u00e9j\u00e0 cette exp\u00e9rience.<\/p>\n\n\n\n<div class=\"wp-block-buttons is-horizontal is-content-justification-left is-layout-flex wp-container-core-buttons-is-layout-7e5fce0a wp-block-buttons-is-layout-flex\">\n<div class=\"wp-block-button is-style-primary\"><a class=\"wp-block-button__link has-nv-site-bg-color has-text-color wp-element-button\" href=\"https:\/\/izisew.com\/index.php\/rdv-coaching\/\">EN SAVOIR +<\/a><\/div>\n<\/div>\n\n\n\n<div style=\"height:40px\" aria-hidden=\"true\" class=\"wp-block-spacer\"><\/div>\n<\/div>\n\n\n\n<div class=\"wp-block-column is-vertically-aligned-center is-layout-flow wp-block-column-is-layout-flow\" style=\"flex-basis:50%\">\n<figure class=\"wp-block-image size-full\"><img loading=\"lazy\" decoding=\"async\" width=\"800\" height=\"800\" src=\"https:\/\/izisew.com\/wp-content\/uploads\/2023\/04\/coaching-entreprise-DIY.jpg\" alt=\"Je vous propose un accompagnement personnalis\u00e9 pour votre entreprise\" class=\"wp-image-404\" srcset=\"https:\/\/izisew.com\/wp-content\/uploads\/2023\/04\/coaching-entreprise-DIY.jpg 800w, https:\/\/izisew.com\/wp-content\/uploads\/2023\/04\/coaching-entreprise-DIY-300x300.jpg 300w, https:\/\/izisew.com\/wp-content\/uploads\/2023\/04\/coaching-entreprise-DIY-150x150.jpg 150w, https:\/\/izisew.com\/wp-content\/uploads\/2023\/04\/coaching-entreprise-DIY-768x768.jpg 768w\" sizes=\"auto, (max-width: 800px) 100vw, 800px\" \/><\/figure>\n<\/div>\n<\/div>\n\n\n\n<div style=\"height:40px\" aria-hidden=\"true\" class=\"wp-block-spacer\"><\/div>\n<\/div><\/div>\n<\/div><\/div>\n","protected":false},"excerpt":{"rendered":"<p>Formation Apprendre \u00e0 coudre en ligne, \u00e0 son rythme, et sans stress, mais avec pr\u00e9cision et sans compromis. Disponible 24\/7 Lorsque vous achetez une formation, celle-ci est disponible imm\u00e9diatement, et pour toute la vie. Droit au but Dans les formations que je propose, on ne tergiverse pas. On va directement \u00e0 l&#8217;essentiel sans tourner autour&hellip;&nbsp;<a href=\"https:\/\/izisew.com\/\" rel=\"bookmark\">Read More &raquo;<span class=\"screen-reader-text\">Home<\/span><\/a><\/p>\n","protected":false},"author":1,"featured_media":0,"parent":0,"menu_order":0,"comment_status":"closed","ping_status":"closed","template":"","meta":{"neve_meta_sidebar":"default","neve_meta_container":"default","neve_meta_enable_content_width":"on","neve_meta_content_width":100,"neve_meta_title_alignment":"","neve_meta_author_avatar":"","neve_post_elements_order":"","neve_meta_disable_header":"","neve_meta_disable_footer":"","neve_meta_disable_title":"on","_themeisle_gutenberg_block_has_review":false,"footnotes":""},"class_list":["post-308","page","type-page","status-publish","hentry"],"_links":{"self":[{"href":"https:\/\/izisew.com\/index.php\/wp-json\/wp\/v2\/pages\/308","targetHints":{"allow":["GET"]}}],"collection":[{"href":"https:\/\/izisew.com\/index.php\/wp-json\/wp\/v2\/pages"}],"about":[{"href":"https:\/\/izisew.com\/index.php\/wp-json\/wp\/v2\/types\/page"}],"author":[{"embeddable":true,"href":"https:\/\/izisew.com\/index.php\/wp-json\/wp\/v2\/users\/1"}],"replies":[{"embeddable":true,"href":"https:\/\/izisew.com\/index.php\/wp-json\/wp\/v2\/comments?post=308"}],"version-history":[{"count":28,"href":"https:\/\/izisew.com\/index.php\/wp-json\/wp\/v2\/pages\/308\/revisions"}],"predecessor-version":[{"id":447,"href":"https:\/\/izisew.com\/index.php\/wp-json\/wp\/v2\/pages\/308\/revisions\/447"}],"wp:attachment":[{"href":"https:\/\/izisew.com\/index.php\/wp-json\/wp\/v2\/media?parent=308"}],"curies":[{"name":"wp","href":"https:\/\/api.w.org\/{rel}","templated":true}]}}